{"id":80,"date":"2020-05-03T21:29:35","date_gmt":"2020-05-03T21:29:35","guid":{"rendered":"http:\/\/nader.3cdesign.com.ar\/?page_id=80"},"modified":"2020-05-03T21:29:35","modified_gmt":"2020-05-03T21:29:35","slug":"ilustrador","status":"publish","type":"page","link":"https:\/\/nader.3cdesign.com.ar\/","title":{"rendered":"Ilustrador"},"content":{"rendered":"\n<p>Amigo desde la adolescencia, compa\u00f1ero de secundaria de mi hermano, illustrador y artista grosso.<\/p>\n\n\n\n<p>Que decir de Marcelo, que nos cruzamos en la vida en diversas ocasiones, ilustrador de Nueva Gu\u00eda Tur\u00edstica, emprendimiento de Sergio Cohen y Mart\u00edn Barry con la colaboraci\u00f3n de Mariano Barrenechea en dise\u00f1o, Marcelo Nader como ilustrador, Marcelo Blanc fotograf\u00eda, Hugo Armedhe\u00f1o impresi\u00f3n y mi labor en log\u00edstica de distribuci\u00f3n en la combi VolksWagen que ploteamos junto a Nader.<\/p>\n\n\n\n<p>Lo convoqu\u00e9 en varias ocasiones para ilustrar trabajos para algunos clientes, tambi\u00e9n ilustr\u00f3 para el peri\u00f3dico ICA News, del cual me encargu\u00e9 de su versi\u00f3n digital.<\/p>\n\n\n\n<p>En los \u00faltimos a\u00f1os le compr\u00e9 algunas ilustraciones de peque\u00f1o formato por gusto y tambi\u00e9n como ayuda en tiempos dif\u00edciles\u2026<\/p>\n\n\n\n<p>A veces la vida te pone en ciertas situaciones donde la acci\u00f3n sale desde dentro, cuando ves a tu amigo necesitado, es hora de actuar\u2026 con su enfermedad avanzada me toc\u00f3 asistirlo junto a otras personas que desinteresadamente colaboraron (con alimentos, dinero y medicinas) a la causa como Juan Carlos Lespada a qui\u00e9n agradezco su humanidad, familiares y amigos.<\/p>\n\n\n\n<p>Me toc\u00f3 llevarlo a internar y hacerle el aguante en el hospital hasta las 5:30 am y en sus \u00faltimos d\u00edas\u2026 Durante estos \u00faltimos meses documentamos parte de su obra y le hice una tirada de 50 l\u00e1minas en serigraf\u00eda de una ilustraci\u00f3n de Geisha que lleg\u00f3 a ver antes de partir\u2026<\/p>\n\n\n\n<p>Abrazo y chapeaux!!!<\/p>\n","protected":false},"excerpt":{"rendered":"<p>Amigo desde la adolescencia, compa\u00f1ero de secundaria de mi hermano, illustrador y artista grosso. Que decir de Marcelo, que nos cruzamos en la vida en diversas ocasiones, ilustrador de Nueva Gu\u00eda Tur\u00edstica, emprendimiento de Sergio Cohen y Mart\u00edn Barry con la colaboraci\u00f3n de Mariano Barrenechea en dise\u00f1o, Marcelo Nader como ilustrador, Marcelo Blanc fotograf\u00eda, Hugo &hellip; <\/p>\n<p class=\"link-more\"><a href=\"https:\/\/nader.3cdesign.com.ar\/\" class=\"more-link\">Continue reading<span class=\"screen-reader-text\"> &#8220;Ilustrador&#8221;<\/span><\/a><\/p>\n","protected":false},"author":1,"featured_media":0,"parent":0,"menu_order":0,"comment_status":"closed","ping_status":"closed","template":"","meta":{"footnotes":""},"class_list":["post-80","page","type-page","status-publish","hentry"],"_links":{"self":[{"href":"https:\/\/nader.3cdesign.com.ar\/index.php\/wp-json\/wp\/v2\/pages\/80","targetHints":{"allow":["GET"]}}],"collection":[{"href":"https:\/\/nader.3cdesign.com.ar\/index.php\/wp-json\/wp\/v2\/pages"}],"about":[{"href":"https:\/\/nader.3cdesign.com.ar\/index.php\/wp-json\/wp\/v2\/types\/page"}],"author":[{"embeddable":true,"href":"https:\/\/nader.3cdesign.com.ar\/index.php\/wp-json\/wp\/v2\/users\/1"}],"replies":[{"embeddable":true,"href":"https:\/\/nader.3cdesign.com.ar\/index.php\/wp-json\/wp\/v2\/comments?post=80"}],"version-history":[{"count":1,"href":"https:\/\/nader.3cdesign.com.ar\/index.php\/wp-json\/wp\/v2\/pages\/80\/revisions"}],"predecessor-version":[{"id":81,"href":"https:\/\/nader.3cdesign.com.ar\/index.php\/wp-json\/wp\/v2\/pages\/80\/revisions\/81"}],"wp:attachment":[{"href":"https:\/\/nader.3cdesign.com.ar\/index.php\/wp-json\/wp\/v2\/media?parent=80"}],"curies":[{"name":"wp","href":"https:\/\/api.w.org\/{rel}","templated":true}]}}